{"id":29739,"date":"2020-09-17T14:05:15","date_gmt":"2020-09-17T12:05:15","guid":{"rendered":"https:\/\/www.basenbox.at\/?post_type=product&#038;p=29739"},"modified":"2025-08-20T11:49:11","modified_gmt":"2025-08-20T09:49:11","slug":"basenbuch","status":"publish","type":"product","link":"https:\/\/www.basenbox.life\/at\/produkt\/basenbuch\/","title":{"rendered":"Basenbuch"},"content":{"rendered":"<p>Unser moderner, stressgepr\u00e4gter Lebensstil hat oft eine \u00dcbers\u00e4uerung des K\u00f6rpers zur Folge. Das Ziel der basischen Ern\u00e4hrung und eines gesunden Lebensstils ist es, dem K\u00f6rper ausreichend N\u00e4hrstoffe, Fl\u00fcssigkeit, Bewegung und Ausgeglichenheit in allen Bereichen anzubieten.<br \/>\nNur eine Woche \u201ebasisch\u201c kann helfen, die Selbstheilungskr\u00e4fte zu aktivieren, um den K\u00f6rper zu reinigen, von Altlasten zu befreien und wieder in Balance zu bringen. Mit einfachen Rezepten, Bewegungs- und Entspannungs\u00fcbungen k\u00f6nnen auch Sie Ihren K\u00f6rper und Geist in nur 7 Tagen wieder in Balance bringen. Die drei Grundbausteine der Gesundheit \u2013 Entgiften, Abnehmen, Wohlf\u00fchlen \u2013 werden durch den alltagstauglichen Praxisteil leicht und schnell umsetzbar.<\/p>\n","protected":false},"excerpt":{"rendered":"<p>Unser moderner, stressgepr\u00e4gter Lebensstil hat oft eine \u00dcbers\u00e4uerung des K\u00f6rpers zur Folge. Das Ziel der basischen Ern\u00e4hrung und eines gesunden Lebensstils ist es, dem K\u00f6rper ausreichend N\u00e4hrstoffe, Fl\u00fcssigkeit, Bewegung und Ausgeglichenheit in allen Bereichen anzubieten. Nur eine Woche \u201ebasisch\u201c kann helfen, die Selbstheilungskr\u00e4fte zu aktivieren, um den K\u00f6rper zu reinigen, von Altlasten zu befreien und [&hellip;]<\/p>\n","protected":false},"featured_media":47996,"template":"","meta":{"_acf_changed":false},"product_brand":[],"product_cat":[101],"product_tag":[],"class_list":{"0":"post-29739","1":"product","2":"type-product","3":"status-publish","4":"has-post-thumbnail","6":"product_cat-buecher","8":"first","9":"instock","10":"taxable","11":"shipping-taxable","12":"product-type-external"},"acf":[],"yoast_head":"<!-- This site is optimized with the Yoast SEO plugin v23.9 - https:\/\/yoast.com\/wordpress\/plugins\/seo\/ -->\n<title>Basenbuch - Basenbox \u00d6sterreich<\/title>\n<meta name=\"robots\" content=\"index, follow, max-snippet:-1, max-image-preview:large, max-video-preview:-1\" \/>\n<link rel=\"canonical\" href=\"https:\/\/www.basenbox.life\/at\/produkt\/basenbuch\/\" \/>\n<meta property=\"og:locale\" content=\"de_DE\" \/>\n<meta property=\"og:type\" content=\"article\" \/>\n<meta property=\"og:title\" content=\"Basenbuch - Basenbox \u00d6sterreich\" \/>\n<meta property=\"og:description\" content=\"Unser moderner, stressgepr\u00e4gter Lebensstil hat oft eine \u00dcbers\u00e4uerung des K\u00f6rpers zur Folge. Das Ziel der basischen Ern\u00e4hrung und eines gesunden Lebensstils ist es, dem K\u00f6rper ausreichend N\u00e4hrstoffe, Fl\u00fcssigkeit, Bewegung und Ausgeglichenheit in allen Bereichen anzubieten. Nur eine Woche \u201ebasisch\u201c kann helfen, die Selbstheilungskr\u00e4fte zu aktivieren, um den K\u00f6rper zu reinigen, von Altlasten zu befreien und [&hellip;]\" \/>\n<meta property=\"og:url\" content=\"https:\/\/www.basenbox.life\/at\/produkt\/basenbuch\/\" \/>\n<meta property=\"og:site_name\" content=\"Basenbox \u00d6sterreich\" \/>\n<meta property=\"article:modified_time\" content=\"2025-08-20T09:49:11+00:00\" \/>\n<meta property=\"og:image\" content=\"https:\/\/www.basenbox.life\/at\/app\/uploads\/2020\/09\/Vorschaubild_Basenbuch.png\" \/>\n\t<meta property=\"og:image:width\" content=\"500\" \/>\n\t<meta property=\"og:image:height\" content=\"500\" \/>\n\t<meta property=\"og:image:type\" content=\"image\/png\" \/>\n<meta name=\"twitter:card\" content=\"summary_large_image\" \/>\n<meta name=\"twitter:label1\" content=\"Gesch\u00e4tzte Lesezeit\" \/>\n\t<meta name=\"twitter:data1\" content=\"1 Minute\" \/>\n<script type=\"application\/ld+json\" class=\"yoast-schema-graph\">{\"@context\":\"https:\/\/schema.org\",\"@graph\":[{\"@type\":\"WebPage\",\"@id\":\"https:\/\/www.basenbox.life\/at\/produkt\/basenbuch\/\",\"url\":\"https:\/\/www.basenbox.life\/at\/produkt\/basenbuch\/\",\"name\":\"Basenbuch - Basenbox \u00d6sterreich\",\"isPartOf\":{\"@id\":\"https:\/\/www.basenbox.life\/at\/#website\"},\"primaryImageOfPage\":{\"@id\":\"https:\/\/www.basenbox.life\/at\/produkt\/basenbuch\/#primaryimage\"},\"image\":{\"@id\":\"https:\/\/www.basenbox.life\/at\/produkt\/basenbuch\/#primaryimage\"},\"thumbnailUrl\":\"https:\/\/www.basenbox.life\/at\/app\/uploads\/2020\/09\/Vorschaubild_Basenbuch.png\",\"datePublished\":\"2020-09-17T12:05:15+00:00\",\"dateModified\":\"2025-08-20T09:49:11+00:00\",\"breadcrumb\":{\"@id\":\"https:\/\/www.basenbox.life\/at\/produkt\/basenbuch\/#breadcrumb\"},\"inLanguage\":\"de\",\"potentialAction\":[{\"@type\":\"ReadAction\",\"target\":[\"https:\/\/www.basenbox.life\/at\/produkt\/basenbuch\/\"]}]},{\"@type\":\"ImageObject\",\"inLanguage\":\"de\",\"@id\":\"https:\/\/www.basenbox.life\/at\/produkt\/basenbuch\/#primaryimage\",\"url\":\"https:\/\/www.basenbox.life\/at\/app\/uploads\/2020\/09\/Vorschaubild_Basenbuch.png\",\"contentUrl\":\"https:\/\/www.basenbox.life\/at\/app\/uploads\/2020\/09\/Vorschaubild_Basenbuch.png\",\"width\":500,\"height\":500},{\"@type\":\"BreadcrumbList\",\"@id\":\"https:\/\/www.basenbox.life\/at\/produkt\/basenbuch\/#breadcrumb\",\"itemListElement\":[{\"@type\":\"ListItem\",\"position\":1,\"name\":\"Startseite\",\"item\":\"https:\/\/www.basenbox.life\/at\/\"},{\"@type\":\"ListItem\",\"position\":2,\"name\":\"Shop\",\"item\":\"https:\/\/www.basenbox.life\/at\/\"},{\"@type\":\"ListItem\",\"position\":3,\"name\":\"Basenbuch\"}]},{\"@type\":\"WebSite\",\"@id\":\"https:\/\/www.basenbox.life\/at\/#website\",\"url\":\"https:\/\/www.basenbox.life\/at\/\",\"name\":\"Basenbox \u00d6sterreich\",\"description\":\"Basisches Essen direkt zu dir nachhause\",\"potentialAction\":[{\"@type\":\"SearchAction\",\"target\":{\"@type\":\"EntryPoint\",\"urlTemplate\":\"https:\/\/www.basenbox.life\/at\/?s={search_term_string}\"},\"query-input\":{\"@type\":\"PropertyValueSpecification\",\"valueRequired\":true,\"valueName\":\"search_term_string\"}}],\"inLanguage\":\"de\"}]}<\/script>\n<!-- \/ Yoast SEO plugin. -->","yoast_head_json":{"title":"Basenbuch - Basenbox \u00d6sterreich","robots":{"index":"index","follow":"follow","max-snippet":"max-snippet:-1","max-image-preview":"max-image-preview:large","max-video-preview":"max-video-preview:-1"},"canonical":"https:\/\/www.basenbox.life\/at\/produkt\/basenbuch\/","og_locale":"de_DE","og_type":"article","og_title":"Basenbuch - Basenbox \u00d6sterreich","og_description":"Unser moderner, stressgepr\u00e4gter Lebensstil hat oft eine \u00dcbers\u00e4uerung des K\u00f6rpers zur Folge. Das Ziel der basischen Ern\u00e4hrung und eines gesunden Lebensstils ist es, dem K\u00f6rper ausreichend N\u00e4hrstoffe, Fl\u00fcssigkeit, Bewegung und Ausgeglichenheit in allen Bereichen anzubieten. Nur eine Woche \u201ebasisch\u201c kann helfen, die Selbstheilungskr\u00e4fte zu aktivieren, um den K\u00f6rper zu reinigen, von Altlasten zu befreien und [&hellip;]","og_url":"https:\/\/www.basenbox.life\/at\/produkt\/basenbuch\/","og_site_name":"Basenbox \u00d6sterreich","article_modified_time":"2025-08-20T09:49:11+00:00","og_image":[{"width":500,"height":500,"url":"https:\/\/www.basenbox.life\/at\/app\/uploads\/2020\/09\/Vorschaubild_Basenbuch.png","type":"image\/png"}],"twitter_card":"summary_large_image","twitter_misc":{"Gesch\u00e4tzte Lesezeit":"1 Minute"},"schema":{"@context":"https:\/\/schema.org","@graph":[{"@type":"WebPage","@id":"https:\/\/www.basenbox.life\/at\/produkt\/basenbuch\/","url":"https:\/\/www.basenbox.life\/at\/produkt\/basenbuch\/","name":"Basenbuch - Basenbox \u00d6sterreich","isPartOf":{"@id":"https:\/\/www.basenbox.life\/at\/#website"},"primaryImageOfPage":{"@id":"https:\/\/www.basenbox.life\/at\/produkt\/basenbuch\/#primaryimage"},"image":{"@id":"https:\/\/www.basenbox.life\/at\/produkt\/basenbuch\/#primaryimage"},"thumbnailUrl":"https:\/\/www.basenbox.life\/at\/app\/uploads\/2020\/09\/Vorschaubild_Basenbuch.png","datePublished":"2020-09-17T12:05:15+00:00","dateModified":"2025-08-20T09:49:11+00:00","breadcrumb":{"@id":"https:\/\/www.basenbox.life\/at\/produkt\/basenbuch\/#breadcrumb"},"inLanguage":"de","potentialAction":[{"@type":"ReadAction","target":["https:\/\/www.basenbox.life\/at\/produkt\/basenbuch\/"]}]},{"@type":"ImageObject","inLanguage":"de","@id":"https:\/\/www.basenbox.life\/at\/produkt\/basenbuch\/#primaryimage","url":"https:\/\/www.basenbox.life\/at\/app\/uploads\/2020\/09\/Vorschaubild_Basenbuch.png","contentUrl":"https:\/\/www.basenbox.life\/at\/app\/uploads\/2020\/09\/Vorschaubild_Basenbuch.png","width":500,"height":500},{"@type":"BreadcrumbList","@id":"https:\/\/www.basenbox.life\/at\/produkt\/basenbuch\/#breadcrumb","itemListElement":[{"@type":"ListItem","position":1,"name":"Startseite","item":"https:\/\/www.basenbox.life\/at\/"},{"@type":"ListItem","position":2,"name":"Shop","item":"https:\/\/www.basenbox.life\/at\/"},{"@type":"ListItem","position":3,"name":"Basenbuch"}]},{"@type":"WebSite","@id":"https:\/\/www.basenbox.life\/at\/#website","url":"https:\/\/www.basenbox.life\/at\/","name":"Basenbox \u00d6sterreich","description":"Basisches Essen direkt zu dir nachhause","potentialAction":[{"@type":"SearchAction","target":{"@type":"EntryPoint","urlTemplate":"https:\/\/www.basenbox.life\/at\/?s={search_term_string}"},"query-input":{"@type":"PropertyValueSpecification","valueRequired":true,"valueName":"search_term_string"}}],"inLanguage":"de"}]}},"_links":{"self":[{"href":"https:\/\/www.basenbox.life\/at\/wp-json\/wp\/v2\/product\/29739","targetHints":{"allow":["GET"]}}],"collection":[{"href":"https:\/\/www.basenbox.life\/at\/wp-json\/wp\/v2\/product"}],"about":[{"href":"https:\/\/www.basenbox.life\/at\/wp-json\/wp\/v2\/types\/product"}],"version-history":[{"count":1,"href":"https:\/\/www.basenbox.life\/at\/wp-json\/wp\/v2\/product\/29739\/revisions"}],"predecessor-version":[{"id":47997,"href":"https:\/\/www.basenbox.life\/at\/wp-json\/wp\/v2\/product\/29739\/revisions\/47997"}],"wp:featuredmedia":[{"embeddable":true,"href":"https:\/\/www.basenbox.life\/at\/wp-json\/wp\/v2\/media\/47996"}],"wp:attachment":[{"href":"https:\/\/www.basenbox.life\/at\/wp-json\/wp\/v2\/media?parent=29739"}],"wp:term":[{"taxonomy":"product_brand","embeddable":true,"href":"https:\/\/www.basenbox.life\/at\/wp-json\/wp\/v2\/product_brand?post=29739"},{"taxonomy":"product_cat","embeddable":true,"href":"https:\/\/www.basenbox.life\/at\/wp-json\/wp\/v2\/product_cat?post=29739"},{"taxonomy":"product_tag","embeddable":true,"href":"https:\/\/www.basenbox.life\/at\/wp-json\/wp\/v2\/product_tag?post=29739"}],"curies":[{"name":"wp","href":"https:\/\/api.w.org\/{rel}","templated":true}]}}