{"id":6425,"date":"2019-03-13T19:37:12","date_gmt":"2019-03-13T18:37:12","guid":{"rendered":"https:\/\/www.basenbox.at\/?page_id=6425"},"modified":"2025-10-28T15:37:15","modified_gmt":"2025-10-28T14:37:15","slug":"impressum","status":"publish","type":"page","link":"https:\/\/www.basenbox.life\/at\/impressum\/","title":{"rendered":"Impressum"},"content":{"rendered":"\t\t<div data-elementor-type=\"wp-post\" data-elementor-id=\"6425\" class=\"elementor elementor-6425\" data-elementor-post-type=\"page\">\n\t\t\t\t\t\t<section class=\"elementor-section elementor-top-section elementor-element elementor-element-2187ff1 elementor-section-boxed elementor-section-height-default elementor-section-height-default\" data-id=\"2187ff1\" data-element_type=\"section\">\n\t\t\t\t\t\t<div class=\"elementor-container elementor-column-gap-default\">\n\t\t\t\t\t<div class=\"elementor-column elementor-col-100 elementor-top-column elementor-element elementor-element-7156af5\" data-id=\"7156af5\" data-element_type=\"column\">\n\t\t\t<div class=\"elementor-widget-wrap elementor-element-populated\">\n\t\t\t\t\t\t<div class=\"elementor-element elementor-element-da154b0 elementor-widget elementor-widget-spacer\" data-id=\"da154b0\" data-element_type=\"widget\" data-widget_type=\"spacer.default\">\n\t\t\t\t<div class=\"elementor-widget-container\">\n\t\t\t\t\t\t\t<div class=\"elementor-spacer\">\n\t\t\t<div class=\"elementor-spacer-inner\"><\/div>\n\t\t<\/div>\n\t\t\t\t\t\t<\/div>\n\t\t\t\t<\/div>\n\t\t\t\t<div class=\"elementor-element elementor-element-658b826 elementor-widget elementor-widget-heading\" data-id=\"658b826\" data-element_type=\"widget\" data-widget_type=\"heading.default\">\n\t\t\t\t<div class=\"elementor-widget-container\">\n\t\t\t\t\t<h1 class=\"elementor-heading-title elementor-size-default\"><span style=\"font-weight:400\">IMPR<\/span>ESS<span style=\"font-weight:400\">UM<\/span><\/h1>\t\t\t\t<\/div>\n\t\t\t\t<\/div>\n\t\t\t\t<div class=\"elementor-element elementor-element-c7d7a53 elementor-widget elementor-widget-spacer\" data-id=\"c7d7a53\" data-element_type=\"widget\" data-widget_type=\"spacer.default\">\n\t\t\t\t<div class=\"elementor-widget-container\">\n\t\t\t\t\t\t\t<div class=\"elementor-spacer\">\n\t\t\t<div class=\"elementor-spacer-inner\"><\/div>\n\t\t<\/div>\n\t\t\t\t\t\t<\/div>\n\t\t\t\t<\/div>\n\t\t\t\t\t<\/div>\n\t\t<\/div>\n\t\t\t\t\t<\/div>\n\t\t<\/section>\n\t\t\t\t<section class=\"elementor-section elementor-top-section elementor-element elementor-element-5af829f elementor-section-boxed elementor-section-height-default elementor-section-height-default\" data-id=\"5af829f\" data-element_type=\"section\">\n\t\t\t\t\t\t<div class=\"elementor-container elementor-column-gap-default\">\n\t\t\t\t\t<div class=\"elementor-column elementor-col-100 elementor-top-column elementor-element elementor-element-d484bd7\" data-id=\"d484bd7\" data-element_type=\"column\">\n\t\t\t<div class=\"elementor-widget-wrap elementor-element-populated\">\n\t\t\t\t\t\t<div class=\"elementor-element elementor-element-de8724b elementor-widget elementor-widget-text-editor\" data-id=\"de8724b\" data-element_type=\"widget\" data-widget_type=\"text-editor.default\">\n\t\t\t\t<div class=\"elementor-widget-container\">\n\t\t\t\t\t\t\t\t\t<p>Dies ist ein gemeinsamer Webauftritt der Unternehmen Basenbox Ern\u00e4hrung GmbH. Betreiber der Website gem\u00e4\u00df Telemediengesetz ist: Basenbox Ern\u00e4hrung GmbH<\/p>\t\t\t\t\t\t\t\t<\/div>\n\t\t\t\t<\/div>\n\t\t\t\t<div class=\"elementor-element elementor-element-af8e8e4 elementor-widget elementor-widget-spacer\" data-id=\"af8e8e4\" data-element_type=\"widget\" data-widget_type=\"spacer.default\">\n\t\t\t\t<div class=\"elementor-widget-container\">\n\t\t\t\t\t\t\t<div class=\"elementor-spacer\">\n\t\t\t<div class=\"elementor-spacer-inner\"><\/div>\n\t\t<\/div>\n\t\t\t\t\t\t<\/div>\n\t\t\t\t<\/div>\n\t\t\t\t\t<\/div>\n\t\t<\/div>\n\t\t\t\t\t<\/div>\n\t\t<\/section>\n\t\t\t\t<section class=\"elementor-section elementor-top-section elementor-element elementor-element-66520ab elementor-section-boxed elementor-section-height-default elementor-section-height-default\" data-id=\"66520ab\" data-element_type=\"section\">\n\t\t\t\t\t\t<div class=\"elementor-container elementor-column-gap-default\">\n\t\t\t\t\t<div class=\"elementor-column elementor-col-100 elementor-top-column elementor-element elementor-element-1719872\" data-id=\"1719872\" data-element_type=\"column\">\n\t\t\t<div class=\"elementor-widget-wrap elementor-element-populated\">\n\t\t\t\t\t\t<div class=\"elementor-element elementor-element-e96c2a3 elementor-widget elementor-widget-heading\" data-id=\"e96c2a3\" data-element_type=\"widget\" data-widget_type=\"heading.default\">\n\t\t\t\t<div class=\"elementor-widget-container\">\n\t\t\t\t\t<h3 class=\"elementor-heading-title elementor-size-default\">Basenbox Ern\u00e4hrung GmbH<\/h3>\t\t\t\t<\/div>\n\t\t\t\t<\/div>\n\t\t\t\t<div class=\"elementor-element elementor-element-e0e5871 elementor-widget elementor-widget-text-editor\" data-id=\"e0e5871\" data-element_type=\"widget\" data-widget_type=\"text-editor.default\">\n\t\t\t\t<div class=\"elementor-widget-container\">\n\t\t\t\t\t\t\t\t\t<p>Br\u00fcckengasse 4\/6<br \/>1060 Wien<\/p><p>\u00d6sterreich<\/p><p>Telefon: +43 664 418 06 77<\/p><p>Mail: <a href=\"mailto:office@basenbox.life\">office@basenbox.life<\/a><br \/><br \/><\/p><p>Unternehmensgegenstand: Handelsgewerbe mit Ausnahme der reglementierten Handelsgewerbe<br \/><br \/><\/p><p>UID-Nr: ATU 72919416<br \/>FN:\u00a0483674 k<br \/>FB-Gericht: Wien<\/p><p>Firmensitz: politische Gemeinde Wien<br \/><br \/><\/p><p>Mitglied der WKO<br \/><br \/><\/p><p>Aufsichtsbeh\u00f6rde: Magistrat der Stadt Wien, MBA 6\/7, Hermanngasse 24-26, 1070 Wien<br \/><br \/><\/p><p>Gewerbeordnung:\u00a0GewO 1994 \u00a7154 Handelsgewerbe und Handelsagentengewerbe\u00a0(<a href=\"http:\/\/www.ris.bka.gv.at\/\">www.ris.bka.gv.at<\/a>)<\/p>\t\t\t\t\t\t\t\t<\/div>\n\t\t\t\t<\/div>\n\t\t\t\t\t<\/div>\n\t\t<\/div>\n\t\t\t\t\t<\/div>\n\t\t<\/section>\n\t\t\t\t<section class=\"elementor-section elementor-top-section elementor-element elementor-element-464ef73 elementor-section-boxed elementor-section-height-default elementor-section-height-default\" data-id=\"464ef73\" data-element_type=\"section\">\n\t\t\t\t\t\t<div class=\"elementor-container elementor-column-gap-default\">\n\t\t\t\t\t<div class=\"elementor-column elementor-col-100 elementor-top-column elementor-element elementor-element-ba9c236\" data-id=\"ba9c236\" data-element_type=\"column\">\n\t\t\t<div class=\"elementor-widget-wrap elementor-element-populated\">\n\t\t\t\t\t\t<div class=\"elementor-element elementor-element-438bed7 elementor-widget elementor-widget-spacer\" data-id=\"438bed7\" data-element_type=\"widget\" data-widget_type=\"spacer.default\">\n\t\t\t\t<div class=\"elementor-widget-container\">\n\t\t\t\t\t\t\t<div class=\"elementor-spacer\">\n\t\t\t<div class=\"elementor-spacer-inner\"><\/div>\n\t\t<\/div>\n\t\t\t\t\t\t<\/div>\n\t\t\t\t<\/div>\n\t\t\t\t\t<\/div>\n\t\t<\/div>\n\t\t\t\t\t<\/div>\n\t\t<\/section>\n\t\t\t\t<section class=\"elementor-section elementor-top-section elementor-element elementor-element-d9801e7 elementor-section-boxed elementor-section-height-default elementor-section-height-default\" data-id=\"d9801e7\" data-element_type=\"section\">\n\t\t\t\t\t\t<div class=\"elementor-container elementor-column-gap-default\">\n\t\t\t\t\t<div class=\"elementor-column elementor-col-100 elementor-top-column elementor-element elementor-element-d8e6dbb\" data-id=\"d8e6dbb\" data-element_type=\"column\">\n\t\t\t<div class=\"elementor-widget-wrap elementor-element-populated\">\n\t\t\t\t\t\t<div class=\"elementor-element elementor-element-9eb5ddf elementor-widget elementor-widget-heading\" data-id=\"9eb5ddf\" data-element_type=\"widget\" data-widget_type=\"heading.default\">\n\t\t\t\t<div class=\"elementor-widget-container\">\n\t\t\t\t\t<h3 class=\"elementor-heading-title elementor-size-default\">Webshop \/ E-Commerce Umsetzung\n<\/h3>\t\t\t\t<\/div>\n\t\t\t\t<\/div>\n\t\t\t\t<div class=\"elementor-element elementor-element-633505a elementor-widget elementor-widget-text-editor\" data-id=\"633505a\" data-element_type=\"widget\" data-widget_type=\"text-editor.default\">\n\t\t\t\t<div class=\"elementor-widget-container\">\n\t\t\t\t\t\t\t\t\t<p style=\"margin: 20px 0px; color: #2f2f2f; font-size: 16px; background-color: #ffffff;\">Ing. Vincent Sebastiaan Kooijman \u2013 <a style=\"background-color: transparent; color: #000000; text-decoration-line: underline; cursor: pointer; touch-action: manipulation;\" href=\"https:\/\/www.vincentkooijman.at\/\">https:\/\/www.vincentkooijman.at<\/a><span style=\"color: #333333; font-family: -apple-system, BlinkMacSystemFont, 'Segoe UI', Roboto, 'Helvetica Neue', Arial, sans-serif; font-size: 1.25rem;\">\u00a0<\/span><\/p><p style=\"margin: 20px 0px; color: #2f2f2f; font-size: 16px; background-color: #ffffff;\">Verbraucher haben die M\u00f6glichkeit, Beschwerden an die Online-Streitbeilegungsplattform der EU zu richten: http:\/\/ec.europa.eu\/odr. Sie k\u00f6nnen Ihre Beschwerde auch direkt bei uns bei folgender E-Mail-Adresse einbringen: office@basenbox.at<\/p>\t\t\t\t\t\t\t\t<\/div>\n\t\t\t\t<\/div>\n\t\t\t\t<div class=\"elementor-element elementor-element-d5fab18 elementor-widget elementor-widget-heading\" data-id=\"d5fab18\" data-element_type=\"widget\" data-widget_type=\"heading.default\">\n\t\t\t\t<div class=\"elementor-widget-container\">\n\t\t\t\t\t<h3 class=\"elementor-heading-title elementor-size-default\">Datenschutzhinweis<\/h3>\t\t\t\t<\/div>\n\t\t\t\t<\/div>\n\t\t\t\t<div class=\"elementor-element elementor-element-a8b588d elementor-widget elementor-widget-text-editor\" data-id=\"a8b588d\" data-element_type=\"widget\" data-widget_type=\"text-editor.default\">\n\t\t\t\t<div class=\"elementor-widget-container\">\n\t\t\t\t\t\t\t\t\t<p style=\"margin: 20px 0px; color: #2f2f2f; font-size: 16px; background-color: #ffffff;\">Der Schutz Ihrer Daten ist uns wichtig. Um unsere Homepage zu besuchen, m\u00fcssen Sie keine Daten angeben. Wir speichern lediglich anonymisierte Zugriffsdaten ohne Personenbezug, wie z.B. Namen Ihres Internetserviceproviders, die Seite, von der aus Sie uns besuchen oder den Namen der angeforderten Datei. Zur Datenerhebung k\u00f6nnen dabei cookies eingesetzt werden, die allerdings ebenfalls die Daten ausschlie\u00dflich in anonymer oder pseudonymer Form erheben und speichern und keinen R\u00fcckschluss auf Ihre Person erlauben. Hier geht es zum Bereich <a href=\"https:\/\/www.basenbox.at\/datenschutz\/\">Datenschutz<\/a>.<\/p>\t\t\t\t\t\t\t\t<\/div>\n\t\t\t\t<\/div>\n\t\t\t\t\t<\/div>\n\t\t<\/div>\n\t\t\t\t\t<\/div>\n\t\t<\/section>\n\t\t\t\t<section class=\"elementor-section elementor-top-section elementor-element elementor-element-1921368 elementor-section-boxed elementor-section-height-default elementor-section-height-default\" data-id=\"1921368\" data-element_type=\"section\">\n\t\t\t\t\t\t<div class=\"elementor-container elementor-column-gap-default\">\n\t\t\t\t\t<div class=\"elementor-column elementor-col-100 elementor-top-column elementor-element elementor-element-4f2e7d4\" data-id=\"4f2e7d4\" data-element_type=\"column\">\n\t\t\t<div class=\"elementor-widget-wrap elementor-element-populated\">\n\t\t\t\t\t\t<div class=\"elementor-element elementor-element-c662712 elementor-widget elementor-widget-spacer\" data-id=\"c662712\" data-element_type=\"widget\" data-widget_type=\"spacer.default\">\n\t\t\t\t<div class=\"elementor-widget-container\">\n\t\t\t\t\t\t\t<div class=\"elementor-spacer\">\n\t\t\t<div class=\"elementor-spacer-inner\"><\/div>\n\t\t<\/div>\n\t\t\t\t\t\t<\/div>\n\t\t\t\t<\/div>\n\t\t\t\t\t<\/div>\n\t\t<\/div>\n\t\t\t\t\t<\/div>\n\t\t<\/section>\n\t\t\t\t<section class=\"elementor-section elementor-top-section elementor-element elementor-element-3509ff7f elementor-section-stretched elementor-section-boxed elementor-section-height-default elementor-section-height-default\" data-id=\"3509ff7f\" data-element_type=\"section\" data-settings=\"{&quot;stretch_section&quot;:&quot;section-stretched&quot;,&quot;background_background&quot;:&quot;gradient&quot;}\">\n\t\t\t\t\t\t<div class=\"elementor-container elementor-column-gap-default\">\n\t\t\t\t\t<div class=\"elementor-column elementor-col-100 elementor-top-column elementor-element elementor-element-573c46ea\" data-id=\"573c46ea\" data-element_type=\"column\">\n\t\t\t<div class=\"elementor-widget-wrap elementor-element-populated\">\n\t\t\t\t\t\t<div class=\"elementor-element elementor-element-7445838b elementor-widget elementor-widget-spacer\" data-id=\"7445838b\" data-element_type=\"widget\" data-widget_type=\"spacer.default\">\n\t\t\t\t<div class=\"elementor-widget-container\">\n\t\t\t\t\t\t\t<div class=\"elementor-spacer\">\n\t\t\t<div class=\"elementor-spacer-inner\"><\/div>\n\t\t<\/div>\n\t\t\t\t\t\t<\/div>\n\t\t\t\t<\/div>\n\t\t\t\t<div class=\"elementor-element elementor-element-5af7831e elementor-widget elementor-widget-heading\" data-id=\"5af7831e\" data-element_type=\"widget\" data-widget_type=\"heading.default\">\n\t\t\t\t<div class=\"elementor-widget-container\">\n\t\t\t\t\t<h3 class=\"elementor-heading-title elementor-size-default\">5 Tage Basenkur \"do-eat-yourself\"<\/h3>\t\t\t\t<\/div>\n\t\t\t\t<\/div>\n\t\t\t\t\t<\/div>\n\t\t<\/div>\n\t\t\t\t\t<\/div>\n\t\t<\/section>\n\t\t\t\t<section class=\"elementor-section elementor-top-section elementor-element elementor-element-115a7c2b elementor-section-stretched elementor-section-boxed elementor-section-height-default elementor-section-height-default\" data-id=\"115a7c2b\" data-element_type=\"section\" data-settings=\"{&quot;stretch_section&quot;:&quot;section-stretched&quot;,&quot;background_background&quot;:&quot;gradient&quot;}\">\n\t\t\t\t\t\t\t<div class=\"elementor-background-overlay\"><\/div>\n\t\t\t\t\t\t\t<div class=\"elementor-container elementor-column-gap-default\">\n\t\t\t\t\t<div class=\"elementor-column elementor-col-50 elementor-top-column elementor-element elementor-element-103fbbdb\" data-id=\"103fbbdb\" data-element_type=\"column\">\n\t\t\t<div class=\"elementor-widget-wrap elementor-element-populated\">\n\t\t\t\t\t\t<div class=\"elementor-element elementor-element-57a17aab elementor-widget elementor-widget-image\" data-id=\"57a17aab\" data-element_type=\"widget\" data-widget_type=\"image.default\">\n\t\t\t\t<div class=\"elementor-widget-container\">\n\t\t\t\t\t\t\t\t\t\t\t\t\t\t\t<img decoding=\"async\" src=\"https:\/\/basenbox.ams3.cdn.digitaloceanspaces.com\/2021\/01\/210108_Leadmagnet_Ebook-Grafik-02-03.png\" title=\"\" alt=\"\" loading=\"lazy\" \/>\t\t\t\t\t\t\t\t\t\t\t\t\t\t\t<\/div>\n\t\t\t\t<\/div>\n\t\t\t\t\t<\/div>\n\t\t<\/div>\n\t\t\t\t<div class=\"elementor-column elementor-col-50 elementor-top-column elementor-element elementor-element-708b78d\" data-id=\"708b78d\" data-element_type=\"column\">\n\t\t\t<div class=\"elementor-widget-wrap elementor-element-populated\">\n\t\t\t\t\t\t<div class=\"elementor-element elementor-element-5c50fa9e elementor-widget elementor-widget-text-editor\" data-id=\"5c50fa9e\" data-element_type=\"widget\" data-widget_type=\"text-editor.default\">\n\t\t\t\t<div class=\"elementor-widget-container\">\n\t\t\t\t\t\t\t\t\t<p>Melde Dich f\u00fcr unsere <b>Basenpost<\/b> an und wir schicken Dir unser Handbuch <b>kostenlos<\/b> per Mail als <b>PDF<\/b> zu.<\/p>\n<div style=\"width: 1160px; text-align: center; color: #3c3c3b; font-size: 18px;\" data-id=\"b038d35\" data-element_type=\"widget\" data-widget_type=\"heading.default\">\n<\/div>\t\t\t\t\t\t\t\t<\/div>\n\t\t\t\t<\/div>\n\t\t\t\t<div class=\"elementor-element elementor-element-9091c3f elementor-button-align-center elementor-widget elementor-widget-form\" data-id=\"9091c3f\" data-element_type=\"widget\" data-settings=\"{&quot;step_next_label&quot;:&quot;N\\u00e4chster&quot;,&quot;step_previous_label&quot;:&quot;Voriger&quot;,&quot;button_width&quot;:&quot;100&quot;,&quot;step_type&quot;:&quot;number_text&quot;,&quot;step_icon_shape&quot;:&quot;circle&quot;}\" data-widget_type=\"form.default\">\n\t\t\t\t<div class=\"elementor-widget-container\">\n\t\t\t\t\t\t\t<form class=\"elementor-form\" method=\"post\" name=\"5 Tage \" aria-label=\"5 Tage \">\n\t\t\t<input type=\"hidden\" name=\"post_id\" value=\"6425\"\/>\n\t\t\t<input type=\"hidden\" name=\"form_id\" value=\"9091c3f\"\/>\n\t\t\t<input type=\"hidden\" name=\"referer_title\" value=\"Impressum - Basenbox \u00d6sterreich\" \/>\n\n\t\t\t\t\t\t\t<input type=\"hidden\" name=\"queried_id\" value=\"6425\"\/>\n\t\t\t\n\t\t\t<div class=\"elementor-form-fields-wrapper elementor-labels-\">\n\t\t\t\t\t\t\t\t<div class=\"elementor-field-type-text elementor-field-group elementor-column elementor-field-group-field_d9531a8 elementor-col-100\">\n\t\t\t\t\t\t\t\t\t\t\t\t<label for=\"form-field-field_d9531a8\" class=\"elementor-field-label elementor-screen-only\">\n\t\t\t\t\t\t\t\tVorname\t\t\t\t\t\t\t<\/label>\n\t\t\t\t\t\t\t\t\t\t\t\t\t\t<input size=\"1\" type=\"text\" name=\"form_fields[field_d9531a8]\" id=\"form-field-field_d9531a8\" class=\"elementor-field elementor-size-md  elementor-field-textual\" placeholder=\"Vorname\">\n\t\t\t\t\t\t\t\t\t\t\t<\/div>\n\t\t\t\t\t\t\t\t<div class=\"elementor-field-type-email elementor-field-group elementor-column elementor-field-group-email elementor-col-100 elementor-field-required\">\n\t\t\t\t\t\t\t\t\t\t\t\t<label for=\"form-field-email\" class=\"elementor-field-label elementor-screen-only\">\n\t\t\t\t\t\t\t\tE-Mail\t\t\t\t\t\t\t<\/label>\n\t\t\t\t\t\t\t\t\t\t\t\t\t\t<input size=\"1\" type=\"email\" name=\"form_fields[email]\" id=\"form-field-email\" class=\"elementor-field elementor-size-md  elementor-field-textual\" placeholder=\"E-Mail\" required=\"required\">\n\t\t\t\t\t\t\t\t\t\t\t<\/div>\n\t\t\t\t\t\t\t\t<div class=\"elementor-field-group elementor-column elementor-field-type-submit elementor-col-100 e-form__buttons\">\n\t\t\t\t\t<button class=\"elementor-button elementor-size-md\" type=\"submit\">\n\t\t\t\t\t\t<span class=\"elementor-button-content-wrapper\">\n\t\t\t\t\t\t\t\t\t\t\t\t\t\t\t\t\t\t\t\t\t\t<span class=\"elementor-button-text\">anmelden<\/span>\n\t\t\t\t\t\t\t\t\t\t\t\t\t<\/span>\n\t\t\t\t\t<\/button>\n\t\t\t\t<\/div>\n\t\t\t<\/div>\n\t\t<\/form>\n\t\t\t\t\t\t<\/div>\n\t\t\t\t<\/div>\n\t\t\t\t<div class=\"elementor-element elementor-element-7d4c54b9 elementor-widget elementor-widget-spacer\" data-id=\"7d4c54b9\" data-element_type=\"widget\" data-widget_type=\"spacer.default\">\n\t\t\t\t<div class=\"elementor-widget-container\">\n\t\t\t\t\t\t\t<div class=\"elementor-spacer\">\n\t\t\t<div class=\"elementor-spacer-inner\"><\/div>\n\t\t<\/div>\n\t\t\t\t\t\t<\/div>\n\t\t\t\t<\/div>\n\t\t\t\t\t<\/div>\n\t\t<\/div>\n\t\t\t\t\t<\/div>\n\t\t<\/section>\n\t\t\t\t<\/div>\n\t\t","protected":false},"excerpt":{"rendered":"<p>IMPRESSUM Dies ist ein gemeinsamer Webauftritt der Unternehmen Basenbox Ern\u00e4hrung GmbH. Betreiber der Website gem\u00e4\u00df Telemediengesetz ist: Basenbox Ern\u00e4hrung GmbH Basenbox Ern\u00e4hrung GmbH Br\u00fcckengasse 4\/61060 Wien \u00d6sterreich Telefon: +43 664 418 06 77 Mail: office@basenbox.life Unternehmensgegenstand: Handelsgewerbe mit Ausnahme der reglementierten Handelsgewerbe UID-Nr: ATU 72919416FN:\u00a0483674 kFB-Gericht: Wien Firmensitz: politische Gemeinde Wien Mitglied der WKO Aufsichtsbeh\u00f6rde: [&hellip;]<\/p>\n","protected":false},"author":6,"featured_media":0,"parent":0,"menu_order":0,"comment_status":"closed","ping_status":"closed","template":"","meta":{"_acf_changed":false,"footnotes":""},"class_list":["post-6425","page","type-page","status-publish","hentry"],"acf":[],"yoast_head":"<!-- This site is optimized with the Yoast SEO plugin v23.9 - https:\/\/yoast.com\/wordpress\/plugins\/seo\/ -->\n<title>Impressum - Basenbox \u00d6sterreich<\/title>\n<meta name=\"robots\" content=\"index, follow, max-snippet:-1, max-image-preview:large, max-video-preview:-1\" \/>\n<link rel=\"canonical\" href=\"https:\/\/www.basenbox.life\/at\/impressum\/\" \/>\n<meta property=\"og:locale\" content=\"de_DE\" \/>\n<meta property=\"og:type\" content=\"article\" \/>\n<meta property=\"og:title\" content=\"Impressum - Basenbox \u00d6sterreich\" \/>\n<meta property=\"og:description\" content=\"IMPRESSUM Dies ist ein gemeinsamer Webauftritt der Unternehmen Basenbox Ern\u00e4hrung GmbH. Betreiber der Website gem\u00e4\u00df Telemediengesetz ist: Basenbox Ern\u00e4hrung GmbH Basenbox Ern\u00e4hrung GmbH Br\u00fcckengasse 4\/61060 Wien \u00d6sterreich Telefon: +43 664 418 06 77 Mail: office@basenbox.life Unternehmensgegenstand: Handelsgewerbe mit Ausnahme der reglementierten Handelsgewerbe UID-Nr: ATU 72919416FN:\u00a0483674 kFB-Gericht: Wien Firmensitz: politische Gemeinde Wien Mitglied der WKO Aufsichtsbeh\u00f6rde: [&hellip;]\" \/>\n<meta property=\"og:url\" content=\"https:\/\/www.basenbox.life\/at\/impressum\/\" \/>\n<meta property=\"og:site_name\" content=\"Basenbox \u00d6sterreich\" \/>\n<meta property=\"article:modified_time\" content=\"2025-10-28T14:37:15+00:00\" \/>\n<meta property=\"og:image\" content=\"https:\/\/basenbox.ams3.cdn.digitaloceanspaces.com\/2021\/01\/210108_Leadmagnet_Ebook-Grafik-02-03.png\" \/>\n<meta name=\"twitter:card\" content=\"summary_large_image\" \/>\n<meta name=\"twitter:label1\" content=\"Gesch\u00e4tzte Lesezeit\" \/>\n\t<meta name=\"twitter:data1\" content=\"2 Minuten\" \/>\n<script type=\"application\/ld+json\" class=\"yoast-schema-graph\">{\"@context\":\"https:\/\/schema.org\",\"@graph\":[{\"@type\":\"WebPage\",\"@id\":\"https:\/\/www.basenbox.life\/at\/impressum\/\",\"url\":\"https:\/\/www.basenbox.life\/at\/impressum\/\",\"name\":\"Impressum - Basenbox \u00d6sterreich\",\"isPartOf\":{\"@id\":\"https:\/\/www.basenbox.life\/at\/#website\"},\"primaryImageOfPage\":{\"@id\":\"https:\/\/www.basenbox.life\/at\/impressum\/#primaryimage\"},\"image\":{\"@id\":\"https:\/\/www.basenbox.life\/at\/impressum\/#primaryimage\"},\"thumbnailUrl\":\"https:\/\/basenbox.ams3.cdn.digitaloceanspaces.com\/2021\/01\/210108_Leadmagnet_Ebook-Grafik-02-03.png\",\"datePublished\":\"2019-03-13T18:37:12+00:00\",\"dateModified\":\"2025-10-28T14:37:15+00:00\",\"breadcrumb\":{\"@id\":\"https:\/\/www.basenbox.life\/at\/impressum\/#breadcrumb\"},\"inLanguage\":\"de\",\"potentialAction\":[{\"@type\":\"ReadAction\",\"target\":[\"https:\/\/www.basenbox.life\/at\/impressum\/\"]}]},{\"@type\":\"ImageObject\",\"inLanguage\":\"de\",\"@id\":\"https:\/\/www.basenbox.life\/at\/impressum\/#primaryimage\",\"url\":\"https:\/\/basenbox.ams3.cdn.digitaloceanspaces.com\/2021\/01\/210108_Leadmagnet_Ebook-Grafik-02-03.png\",\"contentUrl\":\"https:\/\/basenbox.ams3.cdn.digitaloceanspaces.com\/2021\/01\/210108_Leadmagnet_Ebook-Grafik-02-03.png\"},{\"@type\":\"BreadcrumbList\",\"@id\":\"https:\/\/www.basenbox.life\/at\/impressum\/#breadcrumb\",\"itemListElement\":[{\"@type\":\"ListItem\",\"position\":1,\"name\":\"Startseite\",\"item\":\"https:\/\/www.basenbox.life\/at\/\"},{\"@type\":\"ListItem\",\"position\":2,\"name\":\"Impressum\"}]},{\"@type\":\"WebSite\",\"@id\":\"https:\/\/www.basenbox.life\/at\/#website\",\"url\":\"https:\/\/www.basenbox.life\/at\/\",\"name\":\"Basenbox \u00d6sterreich\",\"description\":\"Basisches Essen direkt zu dir nachhause\",\"potentialAction\":[{\"@type\":\"SearchAction\",\"target\":{\"@type\":\"EntryPoint\",\"urlTemplate\":\"https:\/\/www.basenbox.life\/at\/?s={search_term_string}\"},\"query-input\":{\"@type\":\"PropertyValueSpecification\",\"valueRequired\":true,\"valueName\":\"search_term_string\"}}],\"inLanguage\":\"de\"}]}<\/script>\n<!-- \/ Yoast SEO plugin. -->","yoast_head_json":{"title":"Impressum - Basenbox \u00d6sterreich","robots":{"index":"index","follow":"follow","max-snippet":"max-snippet:-1","max-image-preview":"max-image-preview:large","max-video-preview":"max-video-preview:-1"},"canonical":"https:\/\/www.basenbox.life\/at\/impressum\/","og_locale":"de_DE","og_type":"article","og_title":"Impressum - Basenbox \u00d6sterreich","og_description":"IMPRESSUM Dies ist ein gemeinsamer Webauftritt der Unternehmen Basenbox Ern\u00e4hrung GmbH. Betreiber der Website gem\u00e4\u00df Telemediengesetz ist: Basenbox Ern\u00e4hrung GmbH Basenbox Ern\u00e4hrung GmbH Br\u00fcckengasse 4\/61060 Wien \u00d6sterreich Telefon: +43 664 418 06 77 Mail: office@basenbox.life Unternehmensgegenstand: Handelsgewerbe mit Ausnahme der reglementierten Handelsgewerbe UID-Nr: ATU 72919416FN:\u00a0483674 kFB-Gericht: Wien Firmensitz: politische Gemeinde Wien Mitglied der WKO Aufsichtsbeh\u00f6rde: [&hellip;]","og_url":"https:\/\/www.basenbox.life\/at\/impressum\/","og_site_name":"Basenbox \u00d6sterreich","article_modified_time":"2025-10-28T14:37:15+00:00","og_image":[{"url":"https:\/\/basenbox.ams3.cdn.digitaloceanspaces.com\/2021\/01\/210108_Leadmagnet_Ebook-Grafik-02-03.png"}],"twitter_card":"summary_large_image","twitter_misc":{"Gesch\u00e4tzte Lesezeit":"2 Minuten"},"schema":{"@context":"https:\/\/schema.org","@graph":[{"@type":"WebPage","@id":"https:\/\/www.basenbox.life\/at\/impressum\/","url":"https:\/\/www.basenbox.life\/at\/impressum\/","name":"Impressum - Basenbox \u00d6sterreich","isPartOf":{"@id":"https:\/\/www.basenbox.life\/at\/#website"},"primaryImageOfPage":{"@id":"https:\/\/www.basenbox.life\/at\/impressum\/#primaryimage"},"image":{"@id":"https:\/\/www.basenbox.life\/at\/impressum\/#primaryimage"},"thumbnailUrl":"https:\/\/basenbox.ams3.cdn.digitaloceanspaces.com\/2021\/01\/210108_Leadmagnet_Ebook-Grafik-02-03.png","datePublished":"2019-03-13T18:37:12+00:00","dateModified":"2025-10-28T14:37:15+00:00","breadcrumb":{"@id":"https:\/\/www.basenbox.life\/at\/impressum\/#breadcrumb"},"inLanguage":"de","potentialAction":[{"@type":"ReadAction","target":["https:\/\/www.basenbox.life\/at\/impressum\/"]}]},{"@type":"ImageObject","inLanguage":"de","@id":"https:\/\/www.basenbox.life\/at\/impressum\/#primaryimage","url":"https:\/\/basenbox.ams3.cdn.digitaloceanspaces.com\/2021\/01\/210108_Leadmagnet_Ebook-Grafik-02-03.png","contentUrl":"https:\/\/basenbox.ams3.cdn.digitaloceanspaces.com\/2021\/01\/210108_Leadmagnet_Ebook-Grafik-02-03.png"},{"@type":"BreadcrumbList","@id":"https:\/\/www.basenbox.life\/at\/impressum\/#breadcrumb","itemListElement":[{"@type":"ListItem","position":1,"name":"Startseite","item":"https:\/\/www.basenbox.life\/at\/"},{"@type":"ListItem","position":2,"name":"Impressum"}]},{"@type":"WebSite","@id":"https:\/\/www.basenbox.life\/at\/#website","url":"https:\/\/www.basenbox.life\/at\/","name":"Basenbox \u00d6sterreich","description":"Basisches Essen direkt zu dir nachhause","potentialAction":[{"@type":"SearchAction","target":{"@type":"EntryPoint","urlTemplate":"https:\/\/www.basenbox.life\/at\/?s={search_term_string}"},"query-input":{"@type":"PropertyValueSpecification","valueRequired":true,"valueName":"search_term_string"}}],"inLanguage":"de"}]}},"_links":{"self":[{"href":"https:\/\/www.basenbox.life\/at\/wp-json\/wp\/v2\/pages\/6425","targetHints":{"allow":["GET"]}}],"collection":[{"href":"https:\/\/www.basenbox.life\/at\/wp-json\/wp\/v2\/pages"}],"about":[{"href":"https:\/\/www.basenbox.life\/at\/wp-json\/wp\/v2\/types\/page"}],"author":[{"embeddable":true,"href":"https:\/\/www.basenbox.life\/at\/wp-json\/wp\/v2\/users\/6"}],"replies":[{"embeddable":true,"href":"https:\/\/www.basenbox.life\/at\/wp-json\/wp\/v2\/comments?post=6425"}],"version-history":[{"count":10,"href":"https:\/\/www.basenbox.life\/at\/wp-json\/wp\/v2\/pages\/6425\/revisions"}],"predecessor-version":[{"id":51664,"href":"https:\/\/www.basenbox.life\/at\/wp-json\/wp\/v2\/pages\/6425\/revisions\/51664"}],"wp:attachment":[{"href":"https:\/\/www.basenbox.life\/at\/wp-json\/wp\/v2\/media?parent=6425"}],"curies":[{"name":"wp","href":"https:\/\/api.w.org\/{rel}","templated":true}]}}